{"id":2008,"date":"2023-12-15T12:02:16","date_gmt":"2023-12-15T12:02:16","guid":{"rendered":"https:\/\/salalacuadra.es\/?page_id=2008"},"modified":"2025-11-28T08:44:30","modified_gmt":"2025-11-28T08:44:30","slug":"mascara-neutra","status":"publish","type":"page","link":"https:\/\/salalacuadra.es\/en\/mascara-neutra\/","title":{"rendered":"Neutral mask"},"content":{"rendered":"<div data-elementor-type=\"wp-page\" data-elementor-id=\"2008\" class=\"elementor elementor-2008\">\n\t\t\t\t\t\t\t\t\t<section class=\"elementor-section elementor-top-section elementor-element elementor-element-f3455c4 elementor-section-height-min-height elementor-section-boxed elementor-section-height-default elementor-section-items-middle\" data-id=\"f3455c4\" data-element_type=\"section\" data-settings=\"{&quot;background_background&quot;:&quot;classic&quot;}\">\n\t\t\t\t\t\t\t<div class=\"elementor-background-overlay\"><\/div>\n\t\t\t\t\t\t\t<div class=\"elementor-container elementor-column-gap-default\">\n\t\t\t\t\t<div class=\"elementor-column elementor-col-100 elementor-top-column elementor-element elementor-element-4e436ac\" data-id=\"4e436ac\" data-element_type=\"column\">\n\t\t\t<div class=\"elementor-widget-wrap elementor-element-populated\">\n\t\t\t\t\t\t\t\t<div class=\"elementor-element elementor-element-996efc4 elementor-widget elementor-widget-heading\" data-id=\"996efc4\" data-element_type=\"widget\" data-widget_type=\"heading.default\">\n\t\t\t\t<div class=\"elementor-widget-container\">\n\t\t\t<h2 class=\"elementor-heading-title elementor-size-default\">Neutral mask<br>Embodied Imagination<\/h2>\t\t<\/div>\n\t\t\t\t<\/div>\n\t\t\t\t\t<\/div>\n\t\t<\/div>\n\t\t\t\t\t\t\t<\/div>\n\t\t<\/section>\n\t\t\t\t<section class=\"elementor-section elementor-top-section elementor-element elementor-element-60cfe16 elementor-section-boxed elementor-section-height-default elementor-section-height-default\" data-id=\"60cfe16\" data-element_type=\"section\">\n\t\t\t\t\t\t<div class=\"elementor-container elementor-column-gap-wider\">\n\t\t\t\t\t<div class=\"elementor-column elementor-col-50 elementor-top-column elementor-element elementor-element-ed87ee2\" data-id=\"ed87ee2\" data-element_type=\"column\">\n\t\t\t<div class=\"elementor-widget-wrap elementor-element-populated\">\n\t\t\t\t\t\t\t\t<section class=\"elementor-section elementor-inner-section elementor-element elementor-element-68ebe3a elementor-section-boxed elementor-section-height-default elementor-section-height-default\" data-id=\"68ebe3a\" data-element_type=\"section\">\n\t\t\t\t\t\t<div class=\"elementor-container elementor-column-gap-default\">\n\t\t\t\t\t<div class=\"elementor-column elementor-col-100 elementor-inner-column elementor-element elementor-element-83eb817\" data-id=\"83eb817\" data-element_type=\"column\">\n\t\t\t<div class=\"elementor-widget-wrap elementor-element-populated\">\n\t\t\t\t\t\t\t\t<div class=\"elementor-element elementor-element-36ccd5b elementor-widget__width-auto elementor-widget elementor-widget-heading\" data-id=\"36ccd5b\" data-element_type=\"widget\" data-widget_type=\"heading.default\">\n\t\t\t\t<div class=\"elementor-widget-container\">\n\t\t\t<h1 class=\"elementor-heading-title elementor-size-default\">workshop description<\/h1>\t\t<\/div>\n\t\t\t\t<\/div>\n\t\t\t\t<div class=\"elementor-element elementor-element-6e66d81 elementor-widget elementor-widget-text-editor\" data-id=\"6e66d81\" data-element_type=\"widget\" data-widget_type=\"text-editor.default\">\n\t\t\t\t<div class=\"elementor-widget-container\">\n\t\t\t\t\t\t\t<p><strong>Neutral mask<\/strong><\/p>\n<p>The use of masks has been part of collective rituals since time immemorial. We find them in very diverse and distant ancestral traditions. They take us back to the origins of performance and therefore to the deepest roots of theater.<\/p>\n<p>The neutral mask initiates us into stage play, allowing us to discover the maximum expressive breadth of our body and our imagination.<\/p>\n<p>This work allows us to develop awareness of our body in movement and in dialogue with our own poetic world, in the search for a greater state of presence. <\/p>\n<p>The neutral mask is an invitation to live in the present moment and summon in our body the great movement or mystery that animates the world.<\/p>\n<p>We will work with masks by Alfredo Iriarte.<\/p>\n<p><b>&nbsp;<\/b><\/p>\n<p><b>Dates and time:<\/b><\/p>\n<div>November 26th<br>December 3, 10, 17<\/div>\n<div><br><\/div>\n<p><\/p>\n<p><b>Place:<\/b><\/p>\n<p>La Cuadra \u2013 Los Nietos Viejos- <a href=\"https:\/\/maps.app.goo.gl\/inKPkZLPb7YtZTLv6\" target=\"_blank\" rel=\"noopener\">Location<\/a><\/p>\n<p><b>Contribution:<\/b>&nbsp;60 Euros<\/p><p><b>Registration:<\/b><\/p>\n<p>Write to salalacuadra@gmail.com<\/p>\n<p><\/p>\n<p><b>Requirements:<\/b> Comfortable clothing for movement \u2013 preferably black.<\/p>\n<p><\/p>\n<p><b>Transportation from Murcia and accommodation in Los Nietos<\/b>:<\/p>\n<p>Los Nietos Viejos is accessible by public transportation.<\/p>\n<p>We leave you here the link to the train schedules from Cartagena:<\/p>\n<p>https:\/\/www.adif.es\/-\/05973-nietos-viejos<\/p>\n<p><br><\/p>\t\t\t\t\t\t<\/div>\n\t\t\t\t<\/div>\n\t\t\t\t\t<\/div>\n\t\t<\/div>\n\t\t\t\t\t\t\t<\/div>\n\t\t<\/section>\n\t\t\t\t\t<\/div>\n\t\t<\/div>\n\t\t\t\t<div class=\"elementor-column elementor-col-50 elementor-top-column elementor-element elementor-element-9d94234\" data-id=\"9d94234\" data-element_type=\"column\">\n\t\t\t<div class=\"elementor-widget-wrap elementor-element-populated\">\n\t\t\t\t\t\t\t\t<section class=\"elementor-section elementor-inner-section elementor-element elementor-element-9b6a469 elementor-section-boxed elementor-section-height-default elementor-section-height-default\" data-id=\"9b6a469\" data-element_type=\"section\">\n\t\t\t\t\t\t<div class=\"elementor-container elementor-column-gap-default\">\n\t\t\t\t\t<div class=\"elementor-column elementor-col-100 elementor-inner-column elementor-element elementor-element-d24ffa5\" data-id=\"d24ffa5\" data-element_type=\"column\">\n\t\t\t<div class=\"elementor-widget-wrap elementor-element-populated\">\n\t\t\t\t\t\t\t\t<div class=\"elementor-element elementor-element-282c483 elementor-widget elementor-widget-image\" data-id=\"282c483\" data-element_type=\"widget\" data-widget_type=\"image.default\">\n\t\t\t\t<div class=\"elementor-widget-container\">\n\t\t\t\t\t\t\t\t\t\t\t\t\t\t\t<img decoding=\"async\" width=\"1314\" height=\"1536\" src=\"https:\/\/salalacuadra.es\/wp-content\/uploads\/2025\/08\/ShS5-1314x1536.jpg\" class=\"attachment-1536x1536 size-1536x1536 wp-image-3015\" alt=\"\" srcset=\"https:\/\/salalacuadra.es\/wp-content\/uploads\/2025\/08\/ShS5-1314x1536.jpg 1314w, https:\/\/salalacuadra.es\/wp-content\/uploads\/2025\/08\/ShS5-1752x2048.jpg 1752w, https:\/\/salalacuadra.es\/wp-content\/uploads\/2025\/08\/ShS5-10x12.jpg 10w\" sizes=\"(max-width: 1314px) 100vw, 1314px\" \/>\t\t\t\t\t\t\t\t\t\t\t\t\t\t\t<\/div>\n\t\t\t\t<\/div>\n\t\t\t\t\t<\/div>\n\t\t<\/div>\n\t\t\t\t\t\t\t<\/div>\n\t\t<\/section>\n\t\t\t\t<section class=\"elementor-section elementor-inner-section elementor-element elementor-element-78bed70 elementor-section-boxed elementor-section-height-default elementor-section-height-default\" data-id=\"78bed70\" data-element_type=\"section\">\n\t\t\t\t\t\t<div class=\"elementor-container elementor-column-gap-default\">\n\t\t\t\t\t<div class=\"elementor-column elementor-col-100 elementor-inner-column elementor-element elementor-element-719f810\" data-id=\"719f810\" data-element_type=\"column\">\n\t\t\t<div class=\"elementor-widget-wrap elementor-element-populated\">\n\t\t\t\t\t\t\t\t<div class=\"elementor-element elementor-element-79c3bbf elementor-widget__width-auto elementor-widget elementor-widget-heading\" data-id=\"79c3bbf\" data-element_type=\"widget\" data-widget_type=\"heading.default\">\n\t\t\t\t<div class=\"elementor-widget-container\">\n\t\t\t<h1 class=\"elementor-heading-title elementor-size-default\">About Carlos<\/h1>\t\t<\/div>\n\t\t\t\t<\/div>\n\t\t\t\t<div class=\"elementor-element elementor-element-4dc1c19 elementor-widget__width-initial elementor-widget elementor-widget-text-editor\" data-id=\"4dc1c19\" data-element_type=\"widget\" data-widget_type=\"text-editor.default\">\n\t\t\t\t<div class=\"elementor-widget-container\">\n\t\t\t\t\t\t\t<p>Carlos Cegarra is a performing artist, movement educator, and facilitator of creative processes. He trained in the <strong>London International School of Performing Arts<\/strong> (London), has delved into disciplines such as physical and gestural theatre, theatrical play, ritual and pedagogical masks, and the intersections between theatre, dance, and somatic techniques. Her teaching career includes the <strong>Master&#039;s Degree in Dance and Movement Arts from UCAM<\/strong> (Murcia), the <strong>Diploma in Mask Making from the University of San Mart\u00edn<\/strong> (Buenos Aires), the <strong>Thrissur School of Drama IFTS<\/strong> (Kerala, India), <strong>Cabuia \u2013 school of theatre and movement<\/strong> (Buenos Aires) and the translation faculty of the <strong>Moscow State Linguistic University<\/strong> (Russia).<br \/>She is currently part of the teaching team at <strong>arthaus.berlin\/Thomas Prattki Center<\/strong> and her work focuses on the integration of body, imagination, and creativity from an initiatory perspective. For some years now she has been directing <strong>La Cuadra<\/strong>An art center in a rural area near the Mar Menor that offers a program focused on education, community, and transformation. He is also the founder and director of the company <strong>Enkidu Theater<\/strong>.<\/p>\t\t\t\t\t\t<\/div>\n\t\t\t\t<\/div>\n\t\t\t\t\t<\/div>\n\t\t<\/div>\n\t\t\t\t\t\t\t<\/div>\n\t\t<\/section>\n\t\t\t\t\t<\/div>\n\t\t<\/div>\n\t\t\t\t\t\t\t<\/div>\n\t\t<\/section>\n\t\t\t\t\t\t\t<\/div>","protected":false},"excerpt":{"rendered":"<p>M\u00e1scara neutraImaginaci\u00f3n encarnada descripci\u00f3n del taller M\u00e1scara neutra El uso de las m\u00e1scaras ha formado parte de los ritos colectivos desde tiempo inmemorial. Las encontramos en tradiciones ancestrales muy diversas [&hellip;]<\/p>","protected":false},"author":1,"featured_media":0,"parent":0,"menu_order":0,"comment_status":"closed","ping_status":"closed","template":"elementor_header_footer","meta":{"_monsterinsights_skip_tracking":false,"_monsterinsights_sitenote_active":false,"_monsterinsights_sitenote_note":"","_monsterinsights_sitenote_category":0,"footnotes":""},"_links":{"self":[{"href":"https:\/\/salalacuadra.es\/en\/wp-json\/wp\/v2\/pages\/2008"}],"collection":[{"href":"https:\/\/salalacuadra.es\/en\/wp-json\/wp\/v2\/pages"}],"about":[{"href":"https:\/\/salalacuadra.es\/en\/wp-json\/wp\/v2\/types\/page"}],"author":[{"embeddable":true,"href":"https:\/\/salalacuadra.es\/en\/wp-json\/wp\/v2\/users\/1"}],"replies":[{"embeddable":true,"href":"https:\/\/salalacuadra.es\/en\/wp-json\/wp\/v2\/comments?post=2008"}],"version-history":[{"count":64,"href":"https:\/\/salalacuadra.es\/en\/wp-json\/wp\/v2\/pages\/2008\/revisions"}],"predecessor-version":[{"id":3164,"href":"https:\/\/salalacuadra.es\/en\/wp-json\/wp\/v2\/pages\/2008\/revisions\/3164"}],"wp:attachment":[{"href":"https:\/\/salalacuadra.es\/en\/wp-json\/wp\/v2\/media?parent=2008"}],"curies":[{"name":"wp","href":"https:\/\/api.w.org\/{rel}","templated":true}]}}