{"id":2054,"date":"2023-12-16T10:19:10","date_gmt":"2023-12-16T10:19:10","guid":{"rendered":"https:\/\/salalacuadra.es\/?page_id=2054"},"modified":"2024-09-15T18:39:26","modified_gmt":"2024-09-15T18:39:26","slug":"singing-as-life-practice","status":"publish","type":"page","link":"https:\/\/salalacuadra.es\/en\/singing-as-life-practice\/","title":{"rendered":"Singing as life practice"},"content":{"rendered":"<div data-elementor-type=\"wp-page\" data-elementor-id=\"2054\" class=\"elementor elementor-2054\">\n\t\t\t\t\t\t\t\t\t<section class=\"elementor-section elementor-top-section elementor-element elementor-element-f3455c4 elementor-section-height-min-height elementor-section-boxed elementor-section-height-default elementor-section-items-middle\" data-id=\"f3455c4\" data-element_type=\"section\" data-settings=\"{&quot;background_background&quot;:&quot;classic&quot;}\">\n\t\t\t\t\t\t\t<div class=\"elementor-background-overlay\"><\/div>\n\t\t\t\t\t\t\t<div class=\"elementor-container elementor-column-gap-default\">\n\t\t\t\t\t<div class=\"elementor-column elementor-col-100 elementor-top-column elementor-element elementor-element-4e436ac\" data-id=\"4e436ac\" data-element_type=\"column\">\n\t\t\t<div class=\"elementor-widget-wrap elementor-element-populated\">\n\t\t\t\t\t\t\t\t<div class=\"elementor-element elementor-element-996efc4 elementor-widget elementor-widget-heading\" data-id=\"996efc4\" data-element_type=\"widget\" data-widget_type=\"heading.default\">\n\t\t\t\t<div class=\"elementor-widget-container\">\n\t\t\t<h2 class=\"elementor-heading-title elementor-size-default\">Singing as life practice<br>Fall 2024<\/h2>\t\t<\/div>\n\t\t\t\t<\/div>\n\t\t\t\t\t<\/div>\n\t\t<\/div>\n\t\t\t\t\t\t\t<\/div>\n\t\t<\/section>\n\t\t\t\t<section class=\"elementor-section elementor-top-section elementor-element elementor-element-60cfe16 elementor-section-boxed elementor-section-height-default elementor-section-height-default\" data-id=\"60cfe16\" data-element_type=\"section\">\n\t\t\t\t\t\t<div class=\"elementor-container elementor-column-gap-wider\">\n\t\t\t\t\t<div class=\"elementor-column elementor-col-50 elementor-top-column elementor-element elementor-element-ed87ee2\" data-id=\"ed87ee2\" data-element_type=\"column\">\n\t\t\t<div class=\"elementor-widget-wrap elementor-element-populated\">\n\t\t\t\t\t\t\t\t<section class=\"elementor-section elementor-inner-section elementor-element elementor-element-68ebe3a elementor-section-boxed elementor-section-height-default elementor-section-height-default\" data-id=\"68ebe3a\" data-element_type=\"section\">\n\t\t\t\t\t\t<div class=\"elementor-container elementor-column-gap-default\">\n\t\t\t\t\t<div class=\"elementor-column elementor-col-100 elementor-inner-column elementor-element elementor-element-83eb817\" data-id=\"83eb817\" data-element_type=\"column\">\n\t\t\t<div class=\"elementor-widget-wrap elementor-element-populated\">\n\t\t\t\t\t\t\t\t<div class=\"elementor-element elementor-element-36ccd5b elementor-widget__width-auto elementor-widget elementor-widget-heading\" data-id=\"36ccd5b\" data-element_type=\"widget\" data-widget_type=\"heading.default\">\n\t\t\t\t<div class=\"elementor-widget-container\">\n\t\t\t<h1 class=\"elementor-heading-title elementor-size-default\">workshop description<\/h1>\t\t<\/div>\n\t\t\t\t<\/div>\n\t\t\t\t<div class=\"elementor-element elementor-element-6e66d81 elementor-widget elementor-widget-text-editor\" data-id=\"6e66d81\" data-element_type=\"widget\" data-widget_type=\"text-editor.default\">\n\t\t\t\t<div class=\"elementor-widget-container\">\n\t\t\t\t\t\t\t<p><strong>Singing as Life Practice<\/strong> is a workshop in which you will be guided to find and build a relationship with your own voice; to explore what you have to say and the stories you carry inside. It will be based on singing, sound and polyphony, on movement and group training.\u00a0<\/p><p><b>PROCESS<\/b>: You will explore how your voice is linked to your body, which in turn houses your biography. How does your body block certain flows of expression, and how does your voice reveal the stories you long to tell or that terrify you? Through it, you will discover a greater capacity to listen to others and to yourself; to hold space with strength and without tension; to find and connect with your imagination and allow songs to be not just songs, but stories.<\/p><p><b>TECHNIQUE<\/b>: We will work both technically with resonators and with the geometry of the voice. Support it, expand your register and how to imagine the internal space of the body to allow greater ease and fluidity of expression.\u00a0<\/p><p><b>SHAPE<\/b>: In addition to working imaginatively with a story and with ourselves, for this the songs used are specific songs that allow a dramatic space that the singer can fill.<\/p><p><b>REQUIREMENTS<\/b>:\u00a0<\/p><p>Bring comfortable clothing, water, paper, and pen.<\/p><p>Please let us know in advance if there are any conditions or injuries we should be aware of that may require attention.<\/p><p>\u00a0<\/p><p><b>Dates and time<\/b>:<\/p><p>Saturday, November 23 \u2013 11:00 a.m. to 6:00 p.m. (one hour for lunch)<\/p><p>Sunday, November 24 \u2013 10:00 a.m. to 2:30 p.m. (half-hour break)<\/p><p>\u00a0<\/p><p><b>Place<\/b>: La Cuadra \u2013 Los Nietos Viejos \u2013 <a href=\"https:\/\/maps.app.goo.gl\/inKPkZLPb7YtZTLv6\" target=\"_blank\" rel=\"noopener\">Location<\/a><\/p><p><b>Input<\/b>: 125 \u20ac<\/p><p><b>Registration form:\u00a0<\/b><\/p><p>Click <a href=\"https:\/\/forms.gle\/kVN9xADNvfdQjf237\" target=\"_blank\" rel=\"noopener\">here <\/a>To access<\/p><p><b>TRANSPORT<\/b>:<\/p><p>Los Nietos Viejos is accessible by public transportation.<\/p><p>We leave you here the link to the train schedules from Cartagena:<\/p><p>https:\/\/www.adif.es\/-\/05973-nietos-viejos<\/p><p>We will try to coordinate participants coming from Murcia to facilitate access for those who do not have their own means of transport. There are also possibilities of staying overnight in Los Nietos. Please contact us.<\/p><p><b>ACCOMMODATION<\/b><\/p><p>We are currently unable to offer accommodation but you can search for apartments in the area on AirBnb<\/p><p>\u00a0<\/p><p>\u00a0<\/p><p>\u00a0<\/p><p>\u00a0<\/p><p>\u00a0<\/p>\t\t\t\t\t\t<\/div>\n\t\t\t\t<\/div>\n\t\t\t\t\t<\/div>\n\t\t<\/div>\n\t\t\t\t\t\t\t<\/div>\n\t\t<\/section>\n\t\t\t\t\t<\/div>\n\t\t<\/div>\n\t\t\t\t<div class=\"elementor-column elementor-col-50 elementor-top-column elementor-element elementor-element-9d94234\" data-id=\"9d94234\" data-element_type=\"column\">\n\t\t\t<div class=\"elementor-widget-wrap elementor-element-populated\">\n\t\t\t\t\t\t\t\t<div class=\"elementor-element elementor-element-a8e65d4 elementor-widget elementor-widget-image\" data-id=\"a8e65d4\" data-element_type=\"widget\" data-widget_type=\"image.default\">\n\t\t\t\t<div class=\"elementor-widget-container\">\n\t\t\t\t\t\t\t\t\t\t\t\t\t\t\t<img decoding=\"async\" width=\"2560\" height=\"2560\" src=\"https:\/\/salalacuadra.es\/wp-content\/uploads\/2023\/12\/IMG_0384-scaled.jpeg\" class=\"attachment-full size-full wp-image-1990\" alt=\"\" srcset=\"https:\/\/salalacuadra.es\/wp-content\/uploads\/2023\/12\/IMG_0384-scaled.jpeg 2560w, https:\/\/salalacuadra.es\/wp-content\/uploads\/2023\/12\/IMG_0384-300x300.jpeg 300w, https:\/\/salalacuadra.es\/wp-content\/uploads\/2023\/12\/IMG_0384-1024x1024.jpeg 1024w, https:\/\/salalacuadra.es\/wp-content\/uploads\/2023\/12\/IMG_0384-150x150.jpeg 150w, https:\/\/salalacuadra.es\/wp-content\/uploads\/2023\/12\/IMG_0384-768x768.jpeg 768w, https:\/\/salalacuadra.es\/wp-content\/uploads\/2023\/12\/IMG_0384-1536x1536.jpeg 1536w, https:\/\/salalacuadra.es\/wp-content\/uploads\/2023\/12\/IMG_0384-2048x2048.jpeg 2048w\" sizes=\"(max-width: 2560px) 100vw, 2560px\" \/>\t\t\t\t\t\t\t\t\t\t\t\t\t\t\t<\/div>\n\t\t\t\t<\/div>\n\t\t\t\t<section class=\"elementor-section elementor-inner-section elementor-element elementor-element-78bed70 elementor-section-boxed elementor-section-height-default elementor-section-height-default\" data-id=\"78bed70\" data-element_type=\"section\">\n\t\t\t\t\t\t<div class=\"elementor-container elementor-column-gap-default\">\n\t\t\t\t\t<div class=\"elementor-column elementor-col-100 elementor-inner-column elementor-element elementor-element-719f810\" data-id=\"719f810\" data-element_type=\"column\">\n\t\t\t<div class=\"elementor-widget-wrap elementor-element-populated\">\n\t\t\t\t\t\t\t\t<div class=\"elementor-element elementor-element-79c3bbf elementor-widget__width-auto elementor-widget elementor-widget-heading\" data-id=\"79c3bbf\" data-element_type=\"widget\" data-widget_type=\"heading.default\">\n\t\t\t\t<div class=\"elementor-widget-container\">\n\t\t\t<h1 class=\"elementor-heading-title elementor-size-default\">About EMMA<\/h1>\t\t<\/div>\n\t\t\t\t<\/div>\n\t\t\t\t<div class=\"elementor-element elementor-element-4dc1c19 elementor-widget__width-initial elementor-widget elementor-widget-text-editor\" data-id=\"4dc1c19\" data-element_type=\"widget\" data-widget_type=\"text-editor.default\">\n\t\t\t\t<div class=\"elementor-widget-container\">\n\t\t\t\t\t\t\t<p><span style=\"text-decoration: none; color: #333333;\"><span style=\"font-family: Arial, sans-serif;\"><span style=\"font-size: small;\"><span style=\"font-style: normal;\"><span style=\"font-weight: normal;\"><span style=\"background: transparent;\">Emma Bonnici is an actress, singer and pedagogue. Her biggest influences have been her years working in Poland with two award-winning Grotowski-based vocal and physical theater companies: Song of Goat Theater and Teatr Zar.<\/span><\/span><\/span><\/span><\/span><\/span><\/p><p><span style=\"text-decoration: none; color: #333333;\"><span style=\"font-family: Arial, sans-serif;\"><span style=\"font-size: small;\"><span style=\"font-style: normal;\"><span style=\"font-weight: normal;\"><span style=\"background: transparent;\">To this we must add extensive vocal work and research that has taken her from studying at the Met Opera House in New York, to meeting authentic traditional music singers in Georgia, Sicily, Ukraine, the Western Isles of Scotland, and returned to New York to work with Jonathan Hart Makwaia, of the Roy Hart tradition.<\/span><\/span><\/span><\/span><\/span><\/span><\/p><p><span style=\"color: #333333;\"><span style=\"text-decoration: none;\"><span style=\"font-family: Arial, sans-serif;\"><span style=\"font-size: small;\"><span style=\"font-style: normal;\"><span style=\"font-weight: normal;\"><span style=\"background: transparent;\">Emma created <\/span><\/span><\/span><\/span><\/span><\/span><span style=\"text-decoration: none;\"><span style=\"font-family: Arial, sans-serif;\"><span style=\"font-size: small;\"><span style=\"font-style: normal;\"><b><span style=\"background: transparent;\">Singing as Life Practice <\/span><\/b><\/span><\/span><\/span><\/span><\/span><span style=\"text-decoration: none;\"><span style=\"font-family: Arial, sans-serif;\"><span style=\"font-size: small;\"><span style=\"font-style: normal;\"><span style=\"font-weight: normal;\"><span style=\"background: transparent;\"><span style=\"color: #333333;\">as a practice from which she teaches songs, voice and music from a holistic perspective. Singing and voice as an essential part of life and a place for communication, conversation and self-discovery.<\/span> <\/span><\/span><\/span><\/span><\/span><\/span><\/p>\t\t\t\t\t\t<\/div>\n\t\t\t\t<\/div>\n\t\t\t\t\t<\/div>\n\t\t<\/div>\n\t\t\t\t\t\t\t<\/div>\n\t\t<\/section>\n\t\t\t\t\t<\/div>\n\t\t<\/div>\n\t\t\t\t\t\t\t<\/div>\n\t\t<\/section>\n\t\t\t\t<section class=\"elementor-section elementor-top-section elementor-element elementor-element-02913fa elementor-section-boxed elementor-section-height-default elementor-section-height-default\" data-id=\"02913fa\" data-element_type=\"section\">\n\t\t\t\t\t\t<div class=\"elementor-container elementor-column-gap-default\">\n\t\t\t\t\t<div class=\"elementor-column elementor-col-100 elementor-top-column elementor-element elementor-element-b8b3954\" data-id=\"b8b3954\" data-element_type=\"column\">\n\t\t\t<div class=\"elementor-widget-wrap elementor-element-populated\">\n\t\t\t\t\t\t\t\t<div class=\"elementor-element elementor-element-42934ae elementor-widget elementor-widget-video\" data-id=\"42934ae\" data-element_type=\"widget\" data-settings=\"{&quot;youtube_url&quot;:&quot;https:\\\/\\\/www.youtube.com\\\/watch?v=FYO5xHFTAhs&amp;feature=youtu.be&quot;,&quot;video_type&quot;:&quot;youtube&quot;,&quot;controls&quot;:&quot;yes&quot;}\" data-widget_type=\"video.default\">\n\t\t\t\t<div class=\"elementor-widget-container\">\n\t\t\t\t\t<div class=\"elementor-wrapper elementor-open-inline\">\n\t\t\t<div class=\"elementor-video\"><\/div>\t\t<\/div>\n\t\t\t\t<\/div>\n\t\t\t\t<\/div>\n\t\t\t\t\t<\/div>\n\t\t<\/div>\n\t\t\t\t\t\t\t<\/div>\n\t\t<\/section>\n\t\t\t\t\t\t\t<\/div>","protected":false},"excerpt":{"rendered":"<p>Singing as life practiceOto\u00f1o 2024 descripci\u00f3n del taller Singing as Life Practice es un taller en el que ser\u00e1s guiado para encontrar y construir una relaci\u00f3n con tu propia voz; [&hellip;]<\/p>","protected":false},"author":1,"featured_media":0,"parent":0,"menu_order":0,"comment_status":"closed","ping_status":"closed","template":"elementor_header_footer","meta":{"_monsterinsights_skip_tracking":false,"_monsterinsights_sitenote_active":false,"_monsterinsights_sitenote_note":"","_monsterinsights_sitenote_category":0,"footnotes":""},"_links":{"self":[{"href":"https:\/\/salalacuadra.es\/en\/wp-json\/wp\/v2\/pages\/2054"}],"collection":[{"href":"https:\/\/salalacuadra.es\/en\/wp-json\/wp\/v2\/pages"}],"about":[{"href":"https:\/\/salalacuadra.es\/en\/wp-json\/wp\/v2\/types\/page"}],"author":[{"embeddable":true,"href":"https:\/\/salalacuadra.es\/en\/wp-json\/wp\/v2\/users\/1"}],"replies":[{"embeddable":true,"href":"https:\/\/salalacuadra.es\/en\/wp-json\/wp\/v2\/comments?post=2054"}],"version-history":[{"count":49,"href":"https:\/\/salalacuadra.es\/en\/wp-json\/wp\/v2\/pages\/2054\/revisions"}],"predecessor-version":[{"id":2843,"href":"https:\/\/salalacuadra.es\/en\/wp-json\/wp\/v2\/pages\/2054\/revisions\/2843"}],"wp:attachment":[{"href":"https:\/\/salalacuadra.es\/en\/wp-json\/wp\/v2\/media?parent=2054"}],"curies":[{"name":"wp","href":"https:\/\/api.w.org\/{rel}","templated":true}]}}