{"id":2230,"date":"2024-01-02T18:24:37","date_gmt":"2024-01-02T18:24:37","guid":{"rendered":"https:\/\/salalacuadra.es\/?page_id=2230"},"modified":"2024-01-03T20:52:35","modified_gmt":"2024-01-03T20:52:35","slug":"entretejias","status":"publish","type":"page","link":"https:\/\/salalacuadra.es\/en\/entretejias\/","title":{"rendered":"Entretej\u00edas (interwoven)"},"content":{"rendered":"<div data-elementor-type=\"wp-page\" data-elementor-id=\"2230\" class=\"elementor elementor-2230\">\n\t\t\t\t\t\t\t\t\t<section class=\"elementor-section elementor-top-section elementor-element elementor-element-f3455c4 elementor-section-height-min-height elementor-section-boxed elementor-section-height-default elementor-section-items-middle\" data-id=\"f3455c4\" data-element_type=\"section\" data-settings=\"{&quot;background_background&quot;:&quot;classic&quot;}\">\n\t\t\t\t\t\t\t<div class=\"elementor-background-overlay\"><\/div>\n\t\t\t\t\t\t\t<div class=\"elementor-container elementor-column-gap-default\">\n\t\t\t\t\t<div class=\"elementor-column elementor-col-100 elementor-top-column elementor-element elementor-element-4e436ac\" data-id=\"4e436ac\" data-element_type=\"column\">\n\t\t\t<div class=\"elementor-widget-wrap elementor-element-populated\">\n\t\t\t\t\t\t\t\t<div class=\"elementor-element elementor-element-996efc4 elementor-widget__width-initial elementor-absolute elementor-widget elementor-widget-heading\" data-id=\"996efc4\" data-element_type=\"widget\" data-settings=\"{&quot;_position&quot;:&quot;absolute&quot;}\" data-widget_type=\"heading.default\">\n\t\t\t\t<div class=\"elementor-widget-container\">\n\t\t\t<h2 class=\"elementor-heading-title elementor-size-default\">Entretej\u00edas (interwoven)<\/h2>\t\t<\/div>\n\t\t\t\t<\/div>\n\t\t\t\t\t<\/div>\n\t\t<\/div>\n\t\t\t\t\t\t\t<\/div>\n\t\t<\/section>\n\t\t\t\t<section class=\"elementor-section elementor-top-section elementor-element elementor-element-60cfe16 elementor-section-boxed elementor-section-height-default elementor-section-height-default\" data-id=\"60cfe16\" data-element_type=\"section\">\n\t\t\t\t\t\t<div class=\"elementor-container elementor-column-gap-wider\">\n\t\t\t\t\t<div class=\"elementor-column elementor-col-50 elementor-top-column elementor-element elementor-element-ed87ee2\" data-id=\"ed87ee2\" data-element_type=\"column\">\n\t\t\t<div class=\"elementor-widget-wrap elementor-element-populated\">\n\t\t\t\t\t\t\t\t<section class=\"elementor-section elementor-inner-section elementor-element elementor-element-68ebe3a elementor-section-boxed elementor-section-height-default elementor-section-height-default\" data-id=\"68ebe3a\" data-element_type=\"section\">\n\t\t\t\t\t\t<div class=\"elementor-container elementor-column-gap-default\">\n\t\t\t\t\t<div class=\"elementor-column elementor-col-100 elementor-inner-column elementor-element elementor-element-83eb817\" data-id=\"83eb817\" data-element_type=\"column\">\n\t\t\t<div class=\"elementor-widget-wrap elementor-element-populated\">\n\t\t\t\t\t\t\t\t<div class=\"elementor-element elementor-element-36ccd5b elementor-widget__width-auto elementor-widget elementor-widget-heading\" data-id=\"36ccd5b\" data-element_type=\"widget\" data-widget_type=\"heading.default\">\n\t\t\t\t<div class=\"elementor-widget-container\">\n\t\t\t<h1 class=\"elementor-heading-title elementor-size-default\">Entretej\u00edas (interwoven)<\/h1>\t\t<\/div>\n\t\t\t\t<\/div>\n\t\t\t\t<div class=\"elementor-element elementor-element-6e66d81 elementor-widget elementor-widget-text-editor\" data-id=\"6e66d81\" data-element_type=\"widget\" data-widget_type=\"text-editor.default\">\n\t\t\t\t<div class=\"elementor-widget-container\">\n\t\t\t\t\t\t\t<p>Entretej\u00edas is a project conceived by Rosario Sanmart\u00edn with the purpose of creating a space where women of the village can gather around an activity that many know well because they have practiced throughout their lives: weaving.<\/p><p>They started the workshop in early October 2023 with a weekly meeting and set the goal of creating a Christmas decoration for the village.<\/p><p>14 women have regularly attended the workshop for whom this weekly meeting has been a meeting place with neighbors, friends or family. This weekly meeting has come to make up for the lack of other spaces that allow neighbors to meet outside their homes.<\/p><p>On Saturday, December 9, the tapestry was placed in the Plaza San Miguel de Los Nietos Viejos with the collaboration of neighbors.<\/p><p>The group continues to meet every week in La Cuadra<\/p><p><strong>\u00a0<\/strong><\/p><p>\u00a0<\/p><p style=\"margin-bottom: 0cm;\">\u00a0<\/p>\t\t\t\t\t\t<\/div>\n\t\t\t\t<\/div>\n\t\t\t\t\t<\/div>\n\t\t<\/div>\n\t\t\t\t\t\t\t<\/div>\n\t\t<\/section>\n\t\t\t\t\t<\/div>\n\t\t<\/div>\n\t\t\t\t<div class=\"elementor-column elementor-col-50 elementor-top-column elementor-element elementor-element-9d94234\" data-id=\"9d94234\" data-element_type=\"column\">\n\t\t\t<div class=\"elementor-widget-wrap elementor-element-populated\">\n\t\t\t\t\t\t\t\t<div class=\"elementor-element elementor-element-6b22a44 elementor-widget elementor-widget-image\" data-id=\"6b22a44\" data-element_type=\"widget\" data-widget_type=\"image.default\">\n\t\t\t\t<div class=\"elementor-widget-container\">\n\t\t\t\t\t\t\t\t\t\t\t\t\t\t\t<img decoding=\"async\" width=\"800\" height=\"800\" src=\"https:\/\/salalacuadra.es\/wp-content\/uploads\/2024\/01\/WhatsApp-Image-2024-01-02-at-7.22.07-PM-1024x1024.jpeg\" class=\"attachment-large size-large wp-image-2233\" alt=\"\" srcset=\"https:\/\/salalacuadra.es\/wp-content\/uploads\/2024\/01\/WhatsApp-Image-2024-01-02-at-7.22.07-PM-1024x1024.jpeg 1024w, https:\/\/salalacuadra.es\/wp-content\/uploads\/2024\/01\/WhatsApp-Image-2024-01-02-at-7.22.07-PM-300x300.jpeg 300w, https:\/\/salalacuadra.es\/wp-content\/uploads\/2024\/01\/WhatsApp-Image-2024-01-02-at-7.22.07-PM-150x150.jpeg 150w, https:\/\/salalacuadra.es\/wp-content\/uploads\/2024\/01\/WhatsApp-Image-2024-01-02-at-7.22.07-PM-768x768.jpeg 768w\" sizes=\"(max-width: 800px) 100vw, 800px\" \/>\t\t\t\t\t\t\t\t\t\t\t\t\t\t\t<\/div>\n\t\t\t\t<\/div>\n\t\t\t\t\t<\/div>\n\t\t<\/div>\n\t\t\t\t\t\t\t<\/div>\n\t\t<\/section>\n\t\t\t\t<section class=\"elementor-section elementor-top-section elementor-element elementor-element-e1f6992 elementor-section-boxed elementor-section-height-default elementor-section-height-default\" data-id=\"e1f6992\" data-element_type=\"section\">\n\t\t\t\t\t\t<div class=\"elementor-container elementor-column-gap-default\">\n\t\t\t\t\t<div class=\"elementor-column elementor-col-33 elementor-top-column elementor-element elementor-element-0730e06\" data-id=\"0730e06\" data-element_type=\"column\">\n\t\t\t<div class=\"elementor-widget-wrap elementor-element-populated\">\n\t\t\t\t\t\t\t\t<div class=\"elementor-element elementor-element-d4223ee elementor-widget elementor-widget-image\" data-id=\"d4223ee\" data-element_type=\"widget\" data-widget_type=\"image.default\">\n\t\t\t\t<div class=\"elementor-widget-container\">\n\t\t\t\t\t\t\t\t\t\t\t\t\t\t\t<img decoding=\"async\" width=\"800\" height=\"600\" src=\"https:\/\/salalacuadra.es\/wp-content\/uploads\/2024\/01\/WhatsApp-Image-2023-12-09-at-3.33.06-PM.jpeg\" class=\"attachment-large size-large wp-image-2234\" alt=\"\" \/>\t\t\t\t\t\t\t\t\t\t\t\t\t\t\t<\/div>\n\t\t\t\t<\/div>\n\t\t\t\t\t<\/div>\n\t\t<\/div>\n\t\t\t\t<div class=\"elementor-column elementor-col-33 elementor-top-column elementor-element elementor-element-40f9739\" data-id=\"40f9739\" data-element_type=\"column\">\n\t\t\t<div class=\"elementor-widget-wrap elementor-element-populated\">\n\t\t\t\t\t\t\t\t<div class=\"elementor-element elementor-element-b4ab334 elementor-widget elementor-widget-image\" data-id=\"b4ab334\" data-element_type=\"widget\" data-widget_type=\"image.default\">\n\t\t\t\t<div class=\"elementor-widget-container\">\n\t\t\t\t\t\t\t\t\t\t\t\t\t\t\t<img decoding=\"async\" width=\"800\" height=\"600\" src=\"https:\/\/salalacuadra.es\/wp-content\/uploads\/2024\/01\/WhatsApp-Image-2024-01-02-at-7.24.28-PM.jpeg\" class=\"attachment-large size-large wp-image-2237\" alt=\"\" \/>\t\t\t\t\t\t\t\t\t\t\t\t\t\t\t<\/div>\n\t\t\t\t<\/div>\n\t\t\t\t\t<\/div>\n\t\t<\/div>\n\t\t\t\t<div class=\"elementor-column elementor-col-33 elementor-top-column elementor-element elementor-element-390372d\" data-id=\"390372d\" data-element_type=\"column\">\n\t\t\t<div class=\"elementor-widget-wrap elementor-element-populated\">\n\t\t\t\t\t\t\t\t<div class=\"elementor-element elementor-element-b759c13 elementor-widget elementor-widget-image\" data-id=\"b759c13\" data-element_type=\"widget\" data-widget_type=\"image.default\">\n\t\t\t\t<div class=\"elementor-widget-container\">\n\t\t\t\t\t\t\t\t\t\t\t\t\t\t\t<img decoding=\"async\" width=\"800\" height=\"600\" src=\"https:\/\/salalacuadra.es\/wp-content\/uploads\/2024\/01\/WhatsApp-Image-2024-01-02-at-7.24.28-PM-1.jpeg\" class=\"attachment-large size-large wp-image-2235\" alt=\"\" \/>\t\t\t\t\t\t\t\t\t\t\t\t\t\t\t<\/div>\n\t\t\t\t<\/div>\n\t\t\t\t\t<\/div>\n\t\t<\/div>\n\t\t\t\t\t\t\t<\/div>\n\t\t<\/section>\n\t\t\t\t\t\t\t<\/div>","protected":false},"excerpt":{"rendered":"<p>Entretej\u00edas Entretej\u00edas Entretej\u00edas is a project that starts from Rosario Sanmart\u00edn with the purpose of creating a space where the women of the town can gather around a [\u2026]<\/p>","protected":false},"author":1,"featured_media":0,"parent":0,"menu_order":0,"comment_status":"closed","ping_status":"closed","template":"elementor_header_footer","meta":{"_monsterinsights_skip_tracking":false,"_monsterinsights_sitenote_active":false,"_monsterinsights_sitenote_note":"","_monsterinsights_sitenote_category":0,"footnotes":""},"_links":{"self":[{"href":"https:\/\/salalacuadra.es\/en\/wp-json\/wp\/v2\/pages\/2230"}],"collection":[{"href":"https:\/\/salalacuadra.es\/en\/wp-json\/wp\/v2\/pages"}],"about":[{"href":"https:\/\/salalacuadra.es\/en\/wp-json\/wp\/v2\/types\/page"}],"author":[{"embeddable":true,"href":"https:\/\/salalacuadra.es\/en\/wp-json\/wp\/v2\/users\/1"}],"replies":[{"embeddable":true,"href":"https:\/\/salalacuadra.es\/en\/wp-json\/wp\/v2\/comments?post=2230"}],"version-history":[{"count":14,"href":"https:\/\/salalacuadra.es\/en\/wp-json\/wp\/v2\/pages\/2230\/revisions"}],"predecessor-version":[{"id":2399,"href":"https:\/\/salalacuadra.es\/en\/wp-json\/wp\/v2\/pages\/2230\/revisions\/2399"}],"wp:attachment":[{"href":"https:\/\/salalacuadra.es\/en\/wp-json\/wp\/v2\/media?parent=2230"}],"curies":[{"name":"wp","href":"https:\/\/api.w.org\/{rel}","templated":true}]}}