{"id":2245,"date":"2024-01-02T18:32:40","date_gmt":"2024-01-02T18:32:40","guid":{"rendered":"https:\/\/salalacuadra.es\/?page_id=2245"},"modified":"2024-01-03T20:47:07","modified_gmt":"2024-01-03T20:47:07","slug":"enraizar","status":"publish","type":"page","link":"https:\/\/salalacuadra.es\/en\/enraizar\/","title":{"rendered":"Enraizar"},"content":{"rendered":"<div data-elementor-type=\"wp-page\" data-elementor-id=\"2245\" class=\"elementor elementor-2245\">\n\t\t\t\t\t\t\t\t\t<section class=\"elementor-section elementor-top-section elementor-element elementor-element-f3455c4 elementor-section-height-min-height elementor-section-boxed elementor-section-height-default elementor-section-items-middle\" data-id=\"f3455c4\" data-element_type=\"section\" data-settings=\"{&quot;background_background&quot;:&quot;classic&quot;}\">\n\t\t\t\t\t\t\t<div class=\"elementor-background-overlay\"><\/div>\n\t\t\t\t\t\t\t<div class=\"elementor-container elementor-column-gap-default\">\n\t\t\t\t\t<div class=\"elementor-column elementor-col-100 elementor-top-column elementor-element elementor-element-4e436ac\" data-id=\"4e436ac\" data-element_type=\"column\">\n\t\t\t<div class=\"elementor-widget-wrap elementor-element-populated\">\n\t\t\t\t\t\t\t\t<div class=\"elementor-element elementor-element-996efc4 elementor-widget__width-initial elementor-absolute elementor-widget elementor-widget-heading\" data-id=\"996efc4\" data-element_type=\"widget\" data-settings=\"{&quot;_position&quot;:&quot;absolute&quot;}\" data-widget_type=\"heading.default\">\n\t\t\t\t<div class=\"elementor-widget-container\">\n\t\t\t<h2 class=\"elementor-heading-title elementor-size-default\">Enraizar<\/h2>\t\t<\/div>\n\t\t\t\t<\/div>\n\t\t\t\t\t<\/div>\n\t\t<\/div>\n\t\t\t\t\t\t\t<\/div>\n\t\t<\/section>\n\t\t\t\t<section class=\"elementor-section elementor-top-section elementor-element elementor-element-60cfe16 elementor-section-boxed elementor-section-height-default elementor-section-height-default\" data-id=\"60cfe16\" data-element_type=\"section\">\n\t\t\t\t\t\t<div class=\"elementor-container elementor-column-gap-wider\">\n\t\t\t\t\t<div class=\"elementor-column elementor-col-100 elementor-top-column elementor-element elementor-element-ed87ee2\" data-id=\"ed87ee2\" data-element_type=\"column\">\n\t\t\t<div class=\"elementor-widget-wrap elementor-element-populated\">\n\t\t\t\t\t\t\t\t<section class=\"elementor-section elementor-inner-section elementor-element elementor-element-68ebe3a elementor-section-boxed elementor-section-height-default elementor-section-height-default\" data-id=\"68ebe3a\" data-element_type=\"section\">\n\t\t\t\t\t\t<div class=\"elementor-container elementor-column-gap-default\">\n\t\t\t\t\t<div class=\"elementor-column elementor-col-100 elementor-inner-column elementor-element elementor-element-83eb817\" data-id=\"83eb817\" data-element_type=\"column\">\n\t\t\t<div class=\"elementor-widget-wrap elementor-element-populated\">\n\t\t\t\t\t\t\t\t<div class=\"elementor-element elementor-element-36ccd5b elementor-widget__width-auto elementor-widget elementor-widget-heading\" data-id=\"36ccd5b\" data-element_type=\"widget\" data-widget_type=\"heading.default\">\n\t\t\t\t<div class=\"elementor-widget-container\">\n\t\t\t<h1 class=\"elementor-heading-title elementor-size-default\">enraizar<\/h1>\t\t<\/div>\n\t\t\t\t<\/div>\n\t\t\t\t<div class=\"elementor-element elementor-element-6e66d81 elementor-widget elementor-widget-text-editor\" data-id=\"6e66d81\" data-element_type=\"widget\" data-widget_type=\"text-editor.default\">\n\t\t\t\t<div class=\"elementor-widget-container\">\n\t\t\t\t\t\t\t<p>In August 2022, the actresses Nadia Clavel, Natalia Mart\u00ednez, Ver\u00f3nica Berm\u00fadez and the actor Carlos Cegarra participated in Zar Intense, a training and artistic meeting in Wroclaw (Poland) organized by the Teatr Zar company, at the Grotowski Institute. This event was the beginning of a collaboration between Teatr Zar (Poland) and Enkidu Teatro (Spain) merging Zar's research based in ancestral artistic manifestations with Enkidu's movement theater approach. Two of the members of Teatr Zar, Aleksandra Kugacz-Semerci and Mertcan Semerci, traveled to Spain to join EnraiZar. Once the project started, actors Samuel Asensio and Gabriel Almagro joined.<\/p>\n<p>One of the phases of Proyecto EnraiZar was to make an expedition through different cities in Andalusia, with the intention of researching the roots of flamenco, in its many expressions; dance, singing, music, literature, traditions\u2026&nbsp;<\/p>\n<p>Upon return from the expedition, the research work would be resumed, this time from a creative and artistic laboratory, in La Cuadra space, in the village of Los Nietos Viejos. Here for 10 days, the actors and actresses, through improvisation, with everything collected during the expedition, would work on stage proposals, generating experimentation and cultural and creative exchange between the two companies.<\/p><p>This project culminated in the making of a documentary about the experience that will be screened on February 14, 2024 at the P\u00e1rraga Center in Murcia.<br><\/p>\n<p><\/p>\n<p style=\"margin-bottom: 0cm;\">\n<\/p>\t\t\t\t\t\t<\/div>\n\t\t\t\t<\/div>\n\t\t\t\t\t<\/div>\n\t\t<\/div>\n\t\t\t\t\t\t\t<\/div>\n\t\t<\/section>\n\t\t\t\t\t<\/div>\n\t\t<\/div>\n\t\t\t\t\t\t\t<\/div>\n\t\t<\/section>\n\t\t\t\t<section class=\"elementor-section elementor-top-section elementor-element elementor-element-e1f6992 elementor-section-boxed elementor-section-height-default elementor-section-height-default\" data-id=\"e1f6992\" data-element_type=\"section\">\n\t\t\t\t\t\t<div class=\"elementor-container elementor-column-gap-default\">\n\t\t\t\t\t<div class=\"elementor-column elementor-col-33 elementor-top-column elementor-element elementor-element-0730e06\" data-id=\"0730e06\" data-element_type=\"column\">\n\t\t\t<div class=\"elementor-widget-wrap elementor-element-populated\">\n\t\t\t\t\t\t\t\t<div class=\"elementor-element elementor-element-d4223ee elementor-widget elementor-widget-image\" data-id=\"d4223ee\" data-element_type=\"widget\" data-widget_type=\"image.default\">\n\t\t\t\t<div class=\"elementor-widget-container\">\n\t\t\t\t\t\t\t\t\t\t\t\t\t\t\t<img decoding=\"async\" width=\"800\" height=\"600\" src=\"https:\/\/salalacuadra.es\/wp-content\/uploads\/2024\/01\/fase-1-workshops-1024x768.jpg\" class=\"attachment-large size-large wp-image-2248\" alt=\"\" \/>\t\t\t\t\t\t\t\t\t\t\t\t\t\t\t<\/div>\n\t\t\t\t<\/div>\n\t\t\t\t\t<\/div>\n\t\t<\/div>\n\t\t\t\t<div class=\"elementor-column elementor-col-33 elementor-top-column elementor-element elementor-element-40f9739\" data-id=\"40f9739\" data-element_type=\"column\">\n\t\t\t<div class=\"elementor-widget-wrap elementor-element-populated\">\n\t\t\t\t\t\t\t\t<div class=\"elementor-element elementor-element-b4ab334 elementor-widget elementor-widget-image\" data-id=\"b4ab334\" data-element_type=\"widget\" data-widget_type=\"image.default\">\n\t\t\t\t<div class=\"elementor-widget-container\">\n\t\t\t\t\t\t\t\t\t\t\t\t\t\t\t<img decoding=\"async\" width=\"800\" height=\"600\" src=\"https:\/\/salalacuadra.es\/wp-content\/uploads\/2024\/01\/fase-2-expedicion-1024x768.jpg\" class=\"attachment-large size-large wp-image-2249\" alt=\"\" \/>\t\t\t\t\t\t\t\t\t\t\t\t\t\t\t<\/div>\n\t\t\t\t<\/div>\n\t\t\t\t\t<\/div>\n\t\t<\/div>\n\t\t\t\t<div class=\"elementor-column elementor-col-33 elementor-top-column elementor-element elementor-element-390372d\" data-id=\"390372d\" data-element_type=\"column\">\n\t\t\t<div class=\"elementor-widget-wrap elementor-element-populated\">\n\t\t\t\t\t\t\t\t<div class=\"elementor-element elementor-element-b759c13 elementor-widget elementor-widget-image\" data-id=\"b759c13\" data-element_type=\"widget\" data-widget_type=\"image.default\">\n\t\t\t\t<div class=\"elementor-widget-container\">\n\t\t\t\t\t\t\t\t\t\t\t\t\t\t\t<img decoding=\"async\" width=\"800\" height=\"600\" src=\"https:\/\/salalacuadra.es\/wp-content\/uploads\/2024\/01\/fase-3-laboratorio-1024x768.jpg\" class=\"attachment-large size-large wp-image-2250\" alt=\"\" \/>\t\t\t\t\t\t\t\t\t\t\t\t\t\t\t<\/div>\n\t\t\t\t<\/div>\n\t\t\t\t\t<\/div>\n\t\t<\/div>\n\t\t\t\t\t\t\t<\/div>\n\t\t<\/section>\n\t\t\t\t\t\t\t<\/div>","protected":false},"excerpt":{"rendered":"<p>Take root, take root In August 2022, actresses Nadia Clavel, Natalia Mart\u00ednez, Ver\u00f3nica Berm\u00fadez, and actor Carlos Cegarra participated in Zar Intense, a training and artistic event in Wroclaw [\u2026]<\/p>","protected":false},"author":1,"featured_media":0,"parent":0,"menu_order":0,"comment_status":"closed","ping_status":"closed","template":"elementor_header_footer","meta":{"_monsterinsights_skip_tracking":false,"_monsterinsights_sitenote_active":false,"_monsterinsights_sitenote_note":"","_monsterinsights_sitenote_category":0,"footnotes":""},"_links":{"self":[{"href":"https:\/\/salalacuadra.es\/en\/wp-json\/wp\/v2\/pages\/2245"}],"collection":[{"href":"https:\/\/salalacuadra.es\/en\/wp-json\/wp\/v2\/pages"}],"about":[{"href":"https:\/\/salalacuadra.es\/en\/wp-json\/wp\/v2\/types\/page"}],"author":[{"embeddable":true,"href":"https:\/\/salalacuadra.es\/en\/wp-json\/wp\/v2\/users\/1"}],"replies":[{"embeddable":true,"href":"https:\/\/salalacuadra.es\/en\/wp-json\/wp\/v2\/comments?post=2245"}],"version-history":[{"count":22,"href":"https:\/\/salalacuadra.es\/en\/wp-json\/wp\/v2\/pages\/2245\/revisions"}],"predecessor-version":[{"id":2389,"href":"https:\/\/salalacuadra.es\/en\/wp-json\/wp\/v2\/pages\/2245\/revisions\/2389"}],"wp:attachment":[{"href":"https:\/\/salalacuadra.es\/en\/wp-json\/wp\/v2\/media?parent=2245"}],"curies":[{"name":"wp","href":"https:\/\/api.w.org\/{rel}","templated":true}]}}