{"id":3271,"date":"2025-12-10T09:16:02","date_gmt":"2025-12-10T09:16:02","guid":{"rendered":"https:\/\/salalacuadra.es\/?page_id=3271"},"modified":"2025-12-30T11:12:55","modified_gmt":"2025-12-30T11:12:55","slug":"impro","status":"publish","type":"page","link":"https:\/\/salalacuadra.es\/en\/impro\/","title":{"rendered":"Improvisation"},"content":{"rendered":"<div data-elementor-type=\"wp-page\" data-elementor-id=\"3271\" class=\"elementor elementor-3271\">\n\t\t\t\t\t\t\t\t\t<section class=\"elementor-section elementor-top-section elementor-element elementor-element-f3455c4 elementor-section-height-min-height elementor-section-boxed elementor-section-height-default elementor-section-items-middle\" data-id=\"f3455c4\" data-element_type=\"section\" data-settings=\"{&quot;background_background&quot;:&quot;classic&quot;}\">\n\t\t\t\t\t\t\t<div class=\"elementor-background-overlay\"><\/div>\n\t\t\t\t\t\t\t<div class=\"elementor-container elementor-column-gap-default\">\n\t\t\t\t\t<div class=\"elementor-column elementor-col-100 elementor-top-column elementor-element elementor-element-4e436ac\" data-id=\"4e436ac\" data-element_type=\"column\">\n\t\t\t<div class=\"elementor-widget-wrap elementor-element-populated\">\n\t\t\t\t\t\t\t\t<div class=\"elementor-element elementor-element-996efc4 elementor-widget elementor-widget-heading\" data-id=\"996efc4\" data-element_type=\"widget\" data-widget_type=\"heading.default\">\n\t\t\t\t<div class=\"elementor-widget-container\">\n\t\t\t<h2 class=\"elementor-heading-title elementor-size-default\">Theatrical improvisation<\/h2>\t\t<\/div>\n\t\t\t\t<\/div>\n\t\t\t\t\t<\/div>\n\t\t<\/div>\n\t\t\t\t\t\t\t<\/div>\n\t\t<\/section>\n\t\t\t\t<section class=\"elementor-section elementor-top-section elementor-element elementor-element-60cfe16 elementor-section-boxed elementor-section-height-default elementor-section-height-default\" data-id=\"60cfe16\" data-element_type=\"section\">\n\t\t\t\t\t\t<div class=\"elementor-container elementor-column-gap-wider\">\n\t\t\t\t\t<div class=\"elementor-column elementor-col-50 elementor-top-column elementor-element elementor-element-ed87ee2\" data-id=\"ed87ee2\" data-element_type=\"column\">\n\t\t\t<div class=\"elementor-widget-wrap elementor-element-populated\">\n\t\t\t\t\t\t\t\t<section class=\"elementor-section elementor-inner-section elementor-element elementor-element-68ebe3a elementor-section-boxed elementor-section-height-default elementor-section-height-default\" data-id=\"68ebe3a\" data-element_type=\"section\">\n\t\t\t\t\t\t<div class=\"elementor-container elementor-column-gap-default\">\n\t\t\t\t\t<div class=\"elementor-column elementor-col-100 elementor-inner-column elementor-element elementor-element-83eb817\" data-id=\"83eb817\" data-element_type=\"column\">\n\t\t\t<div class=\"elementor-widget-wrap elementor-element-populated\">\n\t\t\t\t\t\t\t\t<div class=\"elementor-element elementor-element-36ccd5b elementor-widget__width-auto elementor-widget elementor-widget-heading\" data-id=\"36ccd5b\" data-element_type=\"widget\" data-widget_type=\"heading.default\">\n\t\t\t\t<div class=\"elementor-widget-container\">\n\t\t\t<h1 class=\"elementor-heading-title elementor-size-default\">workshop description<\/h1>\t\t<\/div>\n\t\t\t\t<\/div>\n\t\t\t\t<div class=\"elementor-element elementor-element-6e66d81 elementor-widget elementor-widget-text-editor\" data-id=\"6e66d81\" data-element_type=\"widget\" data-widget_type=\"text-editor.default\">\n\t\t\t\t<div class=\"elementor-widget-container\">\n\t\t\t\t\t\t\t<h2 data-start=\"153\" data-end=\"201\">Improvisation and Stage Play Workshop<\/h2>\n<h3 data-start=\"203\" data-end=\"231\">Discover. Play. Create.<\/h3>\n<p data-start=\"232\" data-end=\"481\">Do you want to unleash your imagination, create scenes, and experience theater in the here and now? Our improvisation workshop is a space where anything can happen: characters born on the spot, scenes that emerge from the actors&#039; imaginations, and games that allow us to create theater without a script!<\/p>\n<h3 data-start=\"483\" data-end=\"503\">What we do<\/h3>\n<ul data-start=\"504\" data-end=\"835\">\n<li data-start=\"504\" data-end=\"600\">\n<p data-start=\"506\" data-end=\"600\"><strong data-start=\"506\" data-end=\"536\">Warm-up and movement<\/strong>We prepare ourselves to integrate body, mind, and emotion. We fine-tune our instrument before going on stage.<\/p>\n<\/li>\n<li data-start=\"601\" data-end=\"683\">\n<p data-start=\"603\" data-end=\"683\"><strong data-start=\"603\" data-end=\"634\">Games and group dynamics<\/strong>: fun, trust, listening and connection with classmates to create together.<\/p>\n<\/li>\n<li data-start=\"684\" data-end=\"835\">\n<p data-start=\"686\" data-end=\"835\"><strong data-start=\"686\" data-end=\"712\">Stage improvisation<\/strong>We invent stories, characters, and situations on the spot. We learn techniques to feel comfortable on stage and overcome the fear of the unknown!<\/p>\n<\/li>\n<\/ul>\n<h3 data-start=\"837\" data-end=\"859\">What you take with you<\/h3>\n<ul data-start=\"860\" data-end=\"1214\">\n<li data-start=\"860\" data-end=\"933\">\n<p data-start=\"862\" data-end=\"933\">Further <strong data-start=\"866\" data-end=\"891\">trust and security<\/strong> to express yourself in any situation.<\/p>\n<\/li>\n<li data-start=\"934\" data-end=\"991\">\n<p data-start=\"936\" data-end=\"991\">Tools <strong data-start=\"952\" data-end=\"988\">communication and teamwork<\/strong>.<\/p>\n<\/li>\n<li data-start=\"992\" data-end=\"1055\">\n<p data-start=\"994\" data-end=\"1055\">Capacity of <strong data-start=\"1007\" data-end=\"1033\">adapt and react<\/strong> in the face of the unexpected.<\/p>\n<\/li>\n<li data-start=\"1056\" data-end=\"1113\">\n<p data-start=\"1058\" data-end=\"1113\">A boost to your <strong data-start=\"1074\" data-end=\"1110\">creativity and expressive freedom<\/strong>.<\/p>\n<\/li>\n<li data-start=\"1114\" data-end=\"1214\">\n<p data-start=\"1116\" data-end=\"1214\">A unique experience of <strong data-start=\"1141\" data-end=\"1165\">connection and encounter<\/strong> with other people through theatrical play.<\/p>\n<\/li>\n<\/ul>\n<h3 data-start=\"1216\" data-end=\"1235\">Who is it for?<\/h3>\n<p data-start=\"1236\" data-end=\"1445\">For anyone who wants to have fun, express themselves, explore their creativity, and share a space for play and connection with others. Your experience level doesn&#039;t matter: the important thing here is to play and create together.<\/p>\n<p><b>&nbsp;<\/b><\/p>\n<p><b>Dates and time:<\/b><\/p>\n<div>Every Monday from 6:30 PM to 8:30 PM<\/div>\n<div>(Starting in March)<\/div>\n<p><\/p>\n<p><b>Place:<\/b><\/p>\n<p>La Cuadra \u2013 Los Nietos Viejos- <a href=\"https:\/\/maps.app.goo.gl\/inKPkZLPb7YtZTLv6\" target=\"_blank\" rel=\"noopener\">Location<\/a><\/p>\n<p><b>Cost:<\/b>&nbsp;50 Euros<\/p><p>Check for discounts if you take more than one class per week.<\/p>\n<p><b>Registration:<\/b><\/p>\n<p>Write to salalacuadra@gmail.com<\/p>\n<p><\/p>\n<p><b>Requirements:<\/b> Comfortable clothing for movement \u2013&nbsp;<\/p>\n<p><\/p>\n<p><b>Transport&nbsp;<\/b><\/p>\n<p>Los Nietos Viejos is accessible by public transportation.<\/p>\n<p>Here is the link to the train schedule from Cartagena:<\/p>\n<p>https:\/\/www.adif.es\/-\/05973-nietos-viejos<\/p>\n<p><br><\/p>\t\t\t\t\t\t<\/div>\n\t\t\t\t<\/div>\n\t\t\t\t\t<\/div>\n\t\t<\/div>\n\t\t\t\t\t\t\t<\/div>\n\t\t<\/section>\n\t\t\t\t\t<\/div>\n\t\t<\/div>\n\t\t\t\t<div class=\"elementor-column elementor-col-50 elementor-top-column elementor-element elementor-element-9d94234\" data-id=\"9d94234\" data-element_type=\"column\">\n\t\t\t<div class=\"elementor-widget-wrap elementor-element-populated\">\n\t\t\t\t\t\t\t\t<section class=\"elementor-section elementor-inner-section elementor-element elementor-element-9b6a469 elementor-section-boxed elementor-section-height-default elementor-section-height-default\" data-id=\"9b6a469\" data-element_type=\"section\">\n\t\t\t\t\t\t<div class=\"elementor-container elementor-column-gap-default\">\n\t\t\t\t\t<div class=\"elementor-column elementor-col-100 elementor-inner-column elementor-element elementor-element-d24ffa5\" data-id=\"d24ffa5\" data-element_type=\"column\">\n\t\t\t<div class=\"elementor-widget-wrap elementor-element-populated\">\n\t\t\t\t\t\t\t\t<div class=\"elementor-element elementor-element-282c483 elementor-widget elementor-widget-image\" data-id=\"282c483\" data-element_type=\"widget\" data-widget_type=\"image.default\">\n\t\t\t\t<div class=\"elementor-widget-container\">\n\t\t\t\t\t\t\t\t\t\t\t\t\t\t\t<img decoding=\"async\" width=\"1314\" height=\"1536\" src=\"https:\/\/salalacuadra.es\/wp-content\/uploads\/2025\/08\/ShS5-1314x1536.jpg\" class=\"attachment-1536x1536 size-1536x1536 wp-image-3015\" alt=\"\" srcset=\"https:\/\/salalacuadra.es\/wp-content\/uploads\/2025\/08\/ShS5-1314x1536.jpg 1314w, https:\/\/salalacuadra.es\/wp-content\/uploads\/2025\/08\/ShS5-1752x2048.jpg 1752w, https:\/\/salalacuadra.es\/wp-content\/uploads\/2025\/08\/ShS5-10x12.jpg 10w\" sizes=\"(max-width: 1314px) 100vw, 1314px\" \/>\t\t\t\t\t\t\t\t\t\t\t\t\t\t\t<\/div>\n\t\t\t\t<\/div>\n\t\t\t\t\t<\/div>\n\t\t<\/div>\n\t\t\t\t\t\t\t<\/div>\n\t\t<\/section>\n\t\t\t\t<section class=\"elementor-section elementor-inner-section elementor-element elementor-element-78bed70 elementor-section-boxed elementor-section-height-default elementor-section-height-default\" data-id=\"78bed70\" data-element_type=\"section\">\n\t\t\t\t\t\t<div class=\"elementor-container elementor-column-gap-default\">\n\t\t\t\t\t<div class=\"elementor-column elementor-col-100 elementor-inner-column elementor-element elementor-element-719f810\" data-id=\"719f810\" data-element_type=\"column\">\n\t\t\t<div class=\"elementor-widget-wrap elementor-element-populated\">\n\t\t\t\t\t\t\t\t<div class=\"elementor-element elementor-element-79c3bbf elementor-widget__width-auto elementor-widget elementor-widget-heading\" data-id=\"79c3bbf\" data-element_type=\"widget\" data-widget_type=\"heading.default\">\n\t\t\t\t<div class=\"elementor-widget-container\">\n\t\t\t<h1 class=\"elementor-heading-title elementor-size-default\">About Carlos<\/h1>\t\t<\/div>\n\t\t\t\t<\/div>\n\t\t\t\t<div class=\"elementor-element elementor-element-4dc1c19 elementor-widget__width-initial elementor-widget elementor-widget-text-editor\" data-id=\"4dc1c19\" data-element_type=\"widget\" data-widget_type=\"text-editor.default\">\n\t\t\t\t<div class=\"elementor-widget-container\">\n\t\t\t\t\t\t\t<p>Carlos Cegarra is a performing artist, movement educator, and facilitator of creative processes. He trained in the <strong>London International School of Performing Arts<\/strong> (London), has delved into disciplines such as physical and gestural theatre, theatrical play, ritual and pedagogical masks, and the intersections between theatre, dance, and somatic techniques. Her teaching career includes the <strong>Master&#039;s Degree in Dance and Movement Arts from UCAM<\/strong> (Murcia), the <strong>Diploma in Mask Making from the University of San Mart\u00edn<\/strong> (Buenos Aires), the <strong>Thrissur School of Drama IFTS<\/strong> (Kerala, India), <strong>Cabuia \u2013 school of theatre and movement<\/strong> (Buenos Aires) and the translation faculty of the <strong>Moscow State Linguistic University<\/strong> (Russia).<br \/>She is currently part of the teaching team at <strong>arthaus.berlin\/Thomas Prattki Center<\/strong> and her work focuses on the integration of body, imagination, and creativity from an initiatory perspective. For some years now she has been directing <strong>La Cuadra<\/strong>An art center in a rural area near the Mar Menor that offers a program focused on education, community, and transformation. He is also the founder and director of the company <strong>Enkidu Theater<\/strong>.<\/p>\t\t\t\t\t\t<\/div>\n\t\t\t\t<\/div>\n\t\t\t\t\t<\/div>\n\t\t<\/div>\n\t\t\t\t\t\t\t<\/div>\n\t\t<\/section>\n\t\t\t\t\t<\/div>\n\t\t<\/div>\n\t\t\t\t\t\t\t<\/div>\n\t\t<\/section>\n\t\t\t\t\t\t\t<\/div>","protected":false},"excerpt":{"rendered":"<p>Improvisaci\u00f3n teatral descripci\u00f3n del taller Taller de Improvisaci\u00f3n y Juego Esc\u00e9nico Descubre. Juega. Crea. \u00bfTe apetece dar rienda a tu imaginaci\u00f3n, crear escenas,&nbsp; y vivir el teatro desde el aqu\u00ed [&hellip;]<\/p>","protected":false},"author":1,"featured_media":0,"parent":0,"menu_order":0,"comment_status":"closed","ping_status":"closed","template":"elementor_header_footer","meta":{"_monsterinsights_skip_tracking":false,"_monsterinsights_sitenote_active":false,"_monsterinsights_sitenote_note":"","_monsterinsights_sitenote_category":0,"footnotes":""},"_links":{"self":[{"href":"https:\/\/salalacuadra.es\/en\/wp-json\/wp\/v2\/pages\/3271"}],"collection":[{"href":"https:\/\/salalacuadra.es\/en\/wp-json\/wp\/v2\/pages"}],"about":[{"href":"https:\/\/salalacuadra.es\/en\/wp-json\/wp\/v2\/types\/page"}],"author":[{"embeddable":true,"href":"https:\/\/salalacuadra.es\/en\/wp-json\/wp\/v2\/users\/1"}],"replies":[{"embeddable":true,"href":"https:\/\/salalacuadra.es\/en\/wp-json\/wp\/v2\/comments?post=3271"}],"version-history":[{"count":19,"href":"https:\/\/salalacuadra.es\/en\/wp-json\/wp\/v2\/pages\/3271\/revisions"}],"predecessor-version":[{"id":3461,"href":"https:\/\/salalacuadra.es\/en\/wp-json\/wp\/v2\/pages\/3271\/revisions\/3461"}],"wp:attachment":[{"href":"https:\/\/salalacuadra.es\/en\/wp-json\/wp\/v2\/media?parent=3271"}],"curies":[{"name":"wp","href":"https:\/\/api.w.org\/{rel}","templated":true}]}}