{"id":3296,"date":"2025-12-10T10:19:00","date_gmt":"2025-12-10T10:19:00","guid":{"rendered":"https:\/\/salalacuadra.es\/?page_id=3296"},"modified":"2026-01-14T12:04:49","modified_gmt":"2026-01-14T12:04:49","slug":"territorio-joven","status":"publish","type":"page","link":"https:\/\/salalacuadra.es\/en\/territorio-joven\/","title":{"rendered":"Youth Territory"},"content":{"rendered":"<div data-elementor-type=\"wp-page\" data-elementor-id=\"3296\" class=\"elementor elementor-3296\">\n\t\t\t\t\t\t\t\t\t<section class=\"elementor-section elementor-top-section elementor-element elementor-element-f3455c4 elementor-section-height-min-height elementor-section-boxed elementor-section-height-default elementor-section-items-middle\" data-id=\"f3455c4\" data-element_type=\"section\" data-settings=\"{&quot;background_background&quot;:&quot;classic&quot;}\">\n\t\t\t\t\t\t\t<div class=\"elementor-background-overlay\"><\/div>\n\t\t\t\t\t\t\t<div class=\"elementor-container elementor-column-gap-default\">\n\t\t\t\t\t<div class=\"elementor-column elementor-col-100 elementor-top-column elementor-element elementor-element-4e436ac\" data-id=\"4e436ac\" data-element_type=\"column\">\n\t\t\t<div class=\"elementor-widget-wrap elementor-element-populated\">\n\t\t\t\t\t\t\t\t<div class=\"elementor-element elementor-element-996efc4 elementor-widget elementor-widget-heading\" data-id=\"996efc4\" data-element_type=\"widget\" data-widget_type=\"heading.default\">\n\t\t\t\t<div class=\"elementor-widget-container\">\n\t\t\t<h2 class=\"elementor-heading-title elementor-size-default\">Youth Territory<\/h2>\t\t<\/div>\n\t\t\t\t<\/div>\n\t\t\t\t\t<\/div>\n\t\t<\/div>\n\t\t\t\t\t\t\t<\/div>\n\t\t<\/section>\n\t\t\t\t<section class=\"elementor-section elementor-top-section elementor-element elementor-element-60cfe16 elementor-section-boxed elementor-section-height-default elementor-section-height-default\" data-id=\"60cfe16\" data-element_type=\"section\">\n\t\t\t\t\t\t<div class=\"elementor-container elementor-column-gap-wider\">\n\t\t\t\t\t<div class=\"elementor-column elementor-col-50 elementor-top-column elementor-element elementor-element-ed87ee2\" data-id=\"ed87ee2\" data-element_type=\"column\">\n\t\t\t<div class=\"elementor-widget-wrap elementor-element-populated\">\n\t\t\t\t\t\t\t\t<section class=\"elementor-section elementor-inner-section elementor-element elementor-element-68ebe3a elementor-section-boxed elementor-section-height-default elementor-section-height-default\" data-id=\"68ebe3a\" data-element_type=\"section\">\n\t\t\t\t\t\t<div class=\"elementor-container elementor-column-gap-default\">\n\t\t\t\t\t<div class=\"elementor-column elementor-col-100 elementor-inner-column elementor-element elementor-element-83eb817\" data-id=\"83eb817\" data-element_type=\"column\">\n\t\t\t<div class=\"elementor-widget-wrap elementor-element-populated\">\n\t\t\t\t\t\t\t\t<div class=\"elementor-element elementor-element-36ccd5b elementor-widget__width-auto elementor-widget elementor-widget-heading\" data-id=\"36ccd5b\" data-element_type=\"widget\" data-widget_type=\"heading.default\">\n\t\t\t\t<div class=\"elementor-widget-container\">\n\t\t\t<h1 class=\"elementor-heading-title elementor-size-default\">workshop description<\/h1>\t\t<\/div>\n\t\t\t\t<\/div>\n\t\t\t\t<div class=\"elementor-element elementor-element-6e66d81 elementor-widget elementor-widget-text-editor\" data-id=\"6e66d81\" data-element_type=\"widget\" data-widget_type=\"text-editor.default\">\n\t\t\t\t<div class=\"elementor-widget-container\">\n\t\t\t\t\t\t\t<h2 data-start=\"162\" data-end=\"217\">Youth Territory: Encounter, Movement and Creation<\/h2>\n<p data-start=\"276\" data-end=\"656\">Territorio Joven is a creative laboratory for young people. A safe space where respectful dialogue, play, and art become tools for discussing what matters to us: relationships, identity, territory, coexistence, the future, the environment, technology\u2026 We want to create a space where young people can express themselves freely, explore together the issues that affect them, worry them, and also those that fascinate and entertain them. We want to create a space for learning, meeting, and fun.&nbsp;&nbsp;<\/p>\n<h3 data-start=\"658\" data-end=\"678\">Goals<\/h3>\n<ul data-start=\"679\" data-end=\"1413\">\n<li data-start=\"679\" data-end=\"808\">\n<p data-start=\"681\" data-end=\"808\"><strong data-start=\"681\" data-end=\"716\">Reduce social anxiety, become less inhibited&nbsp;&nbsp;<\/strong><span data-start=\"681\" data-end=\"716\">and improve communication and interpersonal skills.&nbsp;<\/span><\/p>\n<\/li>\n<li data-start=\"679\" data-end=\"808\">\n<p data-start=\"681\" data-end=\"808\"><b>Create a safe space<\/b>&nbsp;and respect<span data-start=\"681\" data-end=\"716\">&nbsp;mutual support for everyone. A space where we can speak freely about what matters to us without feeling judged.<\/span><\/p>\n<\/li>\n<li data-start=\"679\" data-end=\"808\">\n<p data-start=\"681\" data-end=\"808\"><strong data-start=\"681\" data-end=\"716\">Exploring our identity<\/strong>: as members of a territory or a social group, and also as free individuals.<\/p>\n<\/li>\n<li data-start=\"809\" data-end=\"942\">\n<p data-start=\"811\" data-end=\"942\"><span data-start=\"811\" data-end=\"842\">Know&nbsp;<\/span><strong data-start=\"811\" data-end=\"842\">tools for communication <\/strong><span data-start=\"811\" data-end=\"842\">our best <b>emotions<\/b>, our <b>perceptions <\/b>and our <b>ideas <\/b>about ourselves, about others, and about the world we live in<\/span>.<\/p>\n<\/li>\n<li data-start=\"943\" data-end=\"1100\">\n<p data-start=\"945\" data-end=\"1100\"><span data-start=\"945\" data-end=\"967\">Develop a better <b>self-knowledge <\/b>from the <b>game<\/b> with others, working with the <b>body<\/b>and the tools of <b>artistic expression<\/b><\/span>.<\/p>\n<\/li>\n<\/ul>\n<h3 data-start=\"1415\" data-end=\"1437\">What you take with you<\/h3>\n<ul data-start=\"1438\" data-end=\"1808\">\n<li data-start=\"1438\" data-end=\"1489\">\n<p data-start=\"1440\" data-end=\"1489\">Elderly <strong data-start=\"1446\" data-end=\"1486\">trust and freedom <\/strong><span data-start=\"1446\" data-end=\"1486\">to communicate authentically<\/span>&nbsp;and assertive.<\/p>\n<\/li>\n<li data-start=\"1490\" data-end=\"1562\">\n<p data-start=\"1492\" data-end=\"1562\">Tools for <strong>express yourself&nbsp;<\/strong><strong data-start=\"1510\" data-end=\"1559\">artistic way<\/strong>.<\/p>\n<\/li>\n<li data-start=\"1563\" data-end=\"1639\">\n<p data-start=\"1565\" data-end=\"1639\">Development of <strong data-start=\"1579\" data-end=\"1636\">creativity, sensitivity and ability to collaborate<\/strong>.<\/p>\n<\/li>\n<li data-start=\"1640\" data-end=\"1720\">\n<p data-start=\"1642\" data-end=\"1720\">Experiences of <strong data-start=\"1658\" data-end=\"1684\">connection <\/strong>with other young people from your community and surrounding areas.<\/p>\n<\/li>\n<li data-start=\"1721\" data-end=\"1808\">\n<p data-start=\"1723\" data-end=\"1808\">A space for <strong data-start=\"1739\" data-end=\"1785\">Explore, play, and create your own artistic language.<\/strong> through theatre-dance, painting, video, performance or writing.<\/p>\n<\/li>\n<\/ul>\n<h3 data-start=\"1810\" data-end=\"1829\">Who is it for?<\/h3>\n<ul data-start=\"1830\" data-end=\"2160\">\n<li data-start=\"1830\" data-end=\"1907\">\n<p data-start=\"1832\" data-end=\"1907\">Young people aged 12 to 17 who want to express themselves and explore their creativity.<\/p>\n<\/li>\n<li data-start=\"2045\" data-end=\"2160\">\n<p data-start=\"2047\" data-end=\"2160\">Any young person looking for a safe space to <strong data-start=\"2097\" data-end=\"2131\">experience, play and connect<\/strong> with others and with oneself.<\/p>\n<\/li>\n<\/ul>\n<p><b>&nbsp;<\/b><\/p>\n<p><b>Dates and time:<\/b><\/p>\n<div>Every Friday from 6:00 PM to 8:00 PM<\/div>\n<div>(Starting in March)<\/div>\n<p><\/p>\n<p><b>Place:<\/b><\/p>\n<p>La Cuadra \u2013 Los Nietos Viejos- <a href=\"https:\/\/maps.app.goo.gl\/inKPkZLPb7YtZTLv6\" target=\"_blank\" rel=\"noopener\">Location<\/a><\/p>\n<p><b>Cost:<\/b>&nbsp;50 Euros<\/p>\n<p><b>Registration:<\/b><\/p>\n<p>Write to salalacuadra@gmail.com<\/p>\n<p><\/p>\n<p><b>Requirements:<\/b> Comfortable clothing for movement \u2013&nbsp;<\/p>\n<p><\/p>\n<p><b>Transport&nbsp;<\/b><\/p>\n<p>Los Nietos Viejos is accessible by public transportation.<\/p>\n<p>Here is the link to the train schedule from Cartagena:<\/p>\n<p>https:\/\/www.adif.es\/-\/05973-nietos-viejos<\/p>\n<p><\/p>\t\t\t\t\t\t<\/div>\n\t\t\t\t<\/div>\n\t\t\t\t\t<\/div>\n\t\t<\/div>\n\t\t\t\t\t\t\t<\/div>\n\t\t<\/section>\n\t\t\t\t\t<\/div>\n\t\t<\/div>\n\t\t\t\t<div class=\"elementor-column elementor-col-50 elementor-top-column elementor-element elementor-element-9d94234\" data-id=\"9d94234\" data-element_type=\"column\">\n\t\t\t<div class=\"elementor-widget-wrap elementor-element-populated\">\n\t\t\t\t\t\t\t\t<section class=\"elementor-section elementor-inner-section elementor-element elementor-element-9b6a469 elementor-section-boxed elementor-section-height-default elementor-section-height-default\" data-id=\"9b6a469\" data-element_type=\"section\">\n\t\t\t\t\t\t<div class=\"elementor-container elementor-column-gap-default\">\n\t\t\t\t\t<div class=\"elementor-column elementor-col-100 elementor-inner-column elementor-element elementor-element-d24ffa5\" data-id=\"d24ffa5\" data-element_type=\"column\">\n\t\t\t<div class=\"elementor-widget-wrap elementor-element-populated\">\n\t\t\t\t\t\t\t\t<div class=\"elementor-element elementor-element-282c483 elementor-widget elementor-widget-image\" data-id=\"282c483\" data-element_type=\"widget\" data-widget_type=\"image.default\">\n\t\t\t\t<div class=\"elementor-widget-container\">\n\t\t\t\t\t\t\t\t\t\t\t\t\t\t\t<img decoding=\"async\" width=\"1314\" height=\"1536\" src=\"https:\/\/salalacuadra.es\/wp-content\/uploads\/2025\/08\/ShS5-1314x1536.jpg\" class=\"attachment-1536x1536 size-1536x1536 wp-image-3015\" alt=\"\" srcset=\"https:\/\/salalacuadra.es\/wp-content\/uploads\/2025\/08\/ShS5-1314x1536.jpg 1314w, https:\/\/salalacuadra.es\/wp-content\/uploads\/2025\/08\/ShS5-1752x2048.jpg 1752w, https:\/\/salalacuadra.es\/wp-content\/uploads\/2025\/08\/ShS5-10x12.jpg 10w\" sizes=\"(max-width: 1314px) 100vw, 1314px\" \/>\t\t\t\t\t\t\t\t\t\t\t\t\t\t\t<\/div>\n\t\t\t\t<\/div>\n\t\t\t\t\t<\/div>\n\t\t<\/div>\n\t\t\t\t\t\t\t<\/div>\n\t\t<\/section>\n\t\t\t\t<section class=\"elementor-section elementor-inner-section elementor-element elementor-element-78bed70 elementor-section-boxed elementor-section-height-default elementor-section-height-default\" data-id=\"78bed70\" data-element_type=\"section\">\n\t\t\t\t\t\t<div class=\"elementor-container elementor-column-gap-default\">\n\t\t\t\t\t<div class=\"elementor-column elementor-col-100 elementor-inner-column elementor-element elementor-element-719f810\" data-id=\"719f810\" data-element_type=\"column\">\n\t\t\t<div class=\"elementor-widget-wrap elementor-element-populated\">\n\t\t\t\t\t\t\t\t<div class=\"elementor-element elementor-element-79c3bbf elementor-widget__width-auto elementor-widget elementor-widget-heading\" data-id=\"79c3bbf\" data-element_type=\"widget\" data-widget_type=\"heading.default\">\n\t\t\t\t<div class=\"elementor-widget-container\">\n\t\t\t<h1 class=\"elementor-heading-title elementor-size-default\">About Carlos<\/h1>\t\t<\/div>\n\t\t\t\t<\/div>\n\t\t\t\t<div class=\"elementor-element elementor-element-4dc1c19 elementor-widget__width-initial elementor-widget elementor-widget-text-editor\" data-id=\"4dc1c19\" data-element_type=\"widget\" data-widget_type=\"text-editor.default\">\n\t\t\t\t<div class=\"elementor-widget-container\">\n\t\t\t\t\t\t\t<p data-start=\"1397\" data-end=\"1614\"><strong data-start=\"1397\" data-end=\"1415\">Carlos Cegarra<\/strong> He is an artist-educator, movement pedagogue and facilitator of creative processes, with a long career that includes working with young people and communities through contemporary performing arts.<\/p>\n<p data-start=\"1616\" data-end=\"1854\">He has training as an actor and director. <strong data-start=\"1662\" data-end=\"1689\">physical and gestural theater<\/strong>, and extensive experience in methodologies based on the body, theatrical play and collective creation, applied to educational, social and community contexts.<\/p>\n<p data-start=\"1856\" data-end=\"2104\">He is the founder and director of <strong data-start=\"1882\" data-end=\"1899\">Enkidu Theater<\/strong> and is part of <strong data-start=\"1917\" data-end=\"1945\">Enkidu Theatre Association<\/strong>, an entity that works within the framework of the program <strong data-start=\"1992\" data-end=\"2004\">Erasmus+<\/strong>, participating in European projects of youth cooperation, non-formal education and social inclusion.<\/p>\n<p data-start=\"2106\" data-end=\"2436\">It has the <strong data-start=\"2118\" data-end=\"2131\">Youthpass<\/strong> as recognition of their skills in the field of <strong data-start=\"2189\" data-end=\"2225\">I work with young people<\/strong> And, during the current year, the association is collaborating with <strong data-start=\"2281\" data-end=\"2325\">10 European youth employment organizations<\/strong> in a skills development project for working with young people, with a direct impact on the territory.<\/p>\n<p data-start=\"2438\" data-end=\"2737\">For several years he has been promoting projects in rural areas, including <strong data-start=\"2510\" data-end=\"2523\">La Cuadra<\/strong>, an art and creation center next to the Mar Menor, focused on pedagogical, collective and transformative processes, with attention to the link between body, territory and community.<\/p>\t\t\t\t\t\t<\/div>\n\t\t\t\t<\/div>\n\t\t\t\t\t<\/div>\n\t\t<\/div>\n\t\t\t\t\t\t\t<\/div>\n\t\t<\/section>\n\t\t\t\t\t<\/div>\n\t\t<\/div>\n\t\t\t\t\t\t\t<\/div>\n\t\t<\/section>\n\t\t\t\t\t\t\t<\/div>","protected":false},"excerpt":{"rendered":"<p>Territorio Joven descripci\u00f3n del taller Territorio Joven: encuentro, movimiento y creaci\u00f3n Territorio Joven es un laboratorio creativo para j\u00f3venes. Un espacio seguro donde el di\u00e1logo respetuoso, el juego y el [&hellip;]<\/p>","protected":false},"author":1,"featured_media":0,"parent":0,"menu_order":0,"comment_status":"closed","ping_status":"closed","template":"elementor_header_footer","meta":{"_monsterinsights_skip_tracking":false,"_monsterinsights_sitenote_active":false,"_monsterinsights_sitenote_note":"","_monsterinsights_sitenote_category":0,"footnotes":""},"_links":{"self":[{"href":"https:\/\/salalacuadra.es\/en\/wp-json\/wp\/v2\/pages\/3296"}],"collection":[{"href":"https:\/\/salalacuadra.es\/en\/wp-json\/wp\/v2\/pages"}],"about":[{"href":"https:\/\/salalacuadra.es\/en\/wp-json\/wp\/v2\/types\/page"}],"author":[{"embeddable":true,"href":"https:\/\/salalacuadra.es\/en\/wp-json\/wp\/v2\/users\/1"}],"replies":[{"embeddable":true,"href":"https:\/\/salalacuadra.es\/en\/wp-json\/wp\/v2\/comments?post=3296"}],"version-history":[{"count":19,"href":"https:\/\/salalacuadra.es\/en\/wp-json\/wp\/v2\/pages\/3296\/revisions"}],"predecessor-version":[{"id":3473,"href":"https:\/\/salalacuadra.es\/en\/wp-json\/wp\/v2\/pages\/3296\/revisions\/3473"}],"wp:attachment":[{"href":"https:\/\/salalacuadra.es\/en\/wp-json\/wp\/v2\/media?parent=3296"}],"curies":[{"name":"wp","href":"https:\/\/api.w.org\/{rel}","templated":true}]}}